{"id":1088,"date":"2025-10-20T09:46:33","date_gmt":"2025-10-20T09:46:33","guid":{"rendered":"https:\/\/studiolegaletramontana.com\/?page_id=1088"},"modified":"2025-10-20T09:46:46","modified_gmt":"2025-10-20T09:46:46","slug":"attivita","status":"publish","type":"page","link":"https:\/\/studiolegaletramontana.com\/index.php\/attivita\/","title":{"rendered":"Attivita"},"content":{"rendered":"\t\t<div data-elementor-type=\"wp-page\" data-elementor-id=\"1088\" class=\"elementor elementor-1088\">\n\t\t\t\t\t\t<section class=\"elementor-section elementor-top-section elementor-element elementor-element-5eaf59b9 elementor-section-content-middle elementor-section-boxed elementor-section-height-default elementor-section-height-default\" data-id=\"5eaf59b9\" data-element_type=\"section\" data-settings=\"{&quot;background_background&quot;:&quot;classic&quot;}\">\n\t\t\t\t\t\t\t<div class=\"elementor-background-overlay\"><\/div>\n\t\t\t\t\t\t\t<div class=\"elementor-container elementor-column-gap-no\">\n\t\t\t\t\t<div class=\"elementor-column elementor-col-100 elementor-top-column elementor-element elementor-element-180bdc96\" data-id=\"180bdc96\" data-element_type=\"column\">\n\t\t\t<div class=\"elementor-widget-wrap elementor-element-populated\">\n\t\t\t\t\t\t<div class=\"elementor-element elementor-element-2e78e5b2 elementor-widget elementor-widget-heading\" data-id=\"2e78e5b2\" data-element_type=\"widget\" data-widget_type=\"heading.default\">\n\t\t\t\t<div class=\"elementor-widget-container\">\n\t\t\t\t\t<h2 class=\"elementor-heading-title elementor-size-default\">I nostri ambiti di eccellenza<\/h2>\t\t\t\t<\/div>\n\t\t\t\t<\/div>\n\t\t\t\t<section class=\"elementor-section elementor-inner-section elementor-element elementor-element-375970b6 elementor-section-boxed elementor-section-height-default elementor-section-height-default\" data-id=\"375970b6\" data-element_type=\"section\">\n\t\t\t\t\t\t<div class=\"elementor-container elementor-column-gap-default\">\n\t\t\t\t\t<div class=\"elementor-column elementor-col-100 elementor-inner-column elementor-element elementor-element-252d5a0b\" data-id=\"252d5a0b\" data-element_type=\"column\">\n\t\t\t<div class=\"elementor-widget-wrap elementor-element-populated\">\n\t\t\t\t\t\t<div class=\"elementor-element elementor-element-56ca7deb elementor-widget elementor-widget-image\" data-id=\"56ca7deb\" data-element_type=\"widget\" data-widget_type=\"image.default\">\n\t\t\t\t<div class=\"elementor-widget-container\">\n\t\t\t\t\t\t\t\t\t\t\t\t\t\t\t<img fetchpriority=\"high\" decoding=\"async\" width=\"300\" height=\"300\" src=\"https:\/\/studiolegaletramontana.com\/wp-content\/uploads\/2023\/03\/thumb-2.jpg\" class=\"attachment-full size-full wp-image-978\" alt=\"\" srcset=\"https:\/\/studiolegaletramontana.com\/wp-content\/uploads\/2023\/03\/thumb-2.jpg 300w, https:\/\/studiolegaletramontana.com\/wp-content\/uploads\/2023\/03\/thumb-2-150x150.jpg 150w\" sizes=\"(max-width: 300px) 100vw, 300px\" \/>\t\t\t\t\t\t\t\t\t\t\t\t\t\t\t<\/div>\n\t\t\t\t<\/div>\n\t\t\t\t<div class=\"elementor-element elementor-element-35e5693d elementor-widget elementor-widget-heading\" data-id=\"35e5693d\" data-element_type=\"widget\" data-widget_type=\"heading.default\">\n\t\t\t\t<div class=\"elementor-widget-container\">\n\t\t\t\t\t<h3 class=\"elementor-heading-title elementor-size-default\">DIRITTO PENALE<\/h3>\t\t\t\t<\/div>\n\t\t\t\t<\/div>\n\t\t\t\t<div class=\"elementor-element elementor-element-7c375cb elementor-widget elementor-widget-text-editor\" data-id=\"7c375cb\" data-element_type=\"widget\" data-widget_type=\"text-editor.default\">\n\t\t\t\t<div class=\"elementor-widget-container\">\n\t\t\t\t\t\t\t\t\t<p class=\"Textbody\" style=\"margin-bottom: 15.0pt; text-align: justify; text-justify: inter-ideograph; mso-pagination: widow-orphan;\"><span lang=\"IT\" style=\"color: black;\">Lo Studio Tramontana si occupa di patrocinare ogni tipo di processo penale, ancorch\u00e9 nella fase delle indagine, davanti ai Tribunali di tutta Italia, anche dinanzi ai Tribunali per i Minorenni, nonch\u00e9 innanzi alle Corti d\u2019Appello, ed ai Tribunali di Sorveglianza. Lo Studio si occupa di patrocinare il proprio assistito in ordine ad ogni tipo di reato: <b>reati contro la persona<\/b> (in particolare violenza di genere, violenza contro le donne, reati di bullismo, stalking e maltrattamenti in famiglia, abusi sessuali, c.d. codice rosso, inosservanza di obblighi di assistenza familiare, ed altri), <b>reati contro il patrimonio<\/b> (truffe, furti, rapine, estorsioni ed altri), diffamazione a mezzo stampa o social network, penale nero, reati della criminalit\u00e0 organizzata, riciclaggio, <b>reati tributari e societari<\/b> (bancarotta fraudolenta ed altri), <b>reati dei colletti bianchi,<\/b> corruzione, reati della pubblica amministrazione, reati edilizi, ambientali, diritto carcerario, penitenziario, riabilitazioni e scarcerazioni.<\/span><\/p>\t\t\t\t\t\t\t\t<\/div>\n\t\t\t\t<\/div>\n\t\t\t\t\t<\/div>\n\t\t<\/div>\n\t\t\t\t\t<\/div>\n\t\t<\/section>\n\t\t\t\t<section class=\"elementor-section elementor-inner-section elementor-element elementor-element-5f650480 elementor-section-boxed elementor-section-height-default elementor-section-height-default\" data-id=\"5f650480\" data-element_type=\"section\">\n\t\t\t\t\t\t<div class=\"elementor-container elementor-column-gap-default\">\n\t\t\t\t\t<div class=\"elementor-column elementor-col-100 elementor-inner-column elementor-element elementor-element-14697887\" data-id=\"14697887\" data-element_type=\"column\">\n\t\t\t<div class=\"elementor-widget-wrap elementor-element-populated\">\n\t\t\t\t\t\t<div class=\"elementor-element elementor-element-34bcb673 elementor-widget elementor-widget-image\" data-id=\"34bcb673\" data-element_type=\"widget\" data-widget_type=\"image.default\">\n\t\t\t\t<div class=\"elementor-widget-container\">\n\t\t\t\t\t\t\t\t\t\t\t\t\t\t\t<img fetchpriority=\"high\" decoding=\"async\" width=\"300\" height=\"300\" src=\"https:\/\/studiolegaletramontana.com\/wp-content\/uploads\/2023\/03\/thumb-2.jpg\" class=\"attachment-full size-full wp-image-978\" alt=\"\" srcset=\"https:\/\/studiolegaletramontana.com\/wp-content\/uploads\/2023\/03\/thumb-2.jpg 300w, https:\/\/studiolegaletramontana.com\/wp-content\/uploads\/2023\/03\/thumb-2-150x150.jpg 150w\" sizes=\"(max-width: 300px) 100vw, 300px\" \/>\t\t\t\t\t\t\t\t\t\t\t\t\t\t\t<\/div>\n\t\t\t\t<\/div>\n\t\t\t\t<div class=\"elementor-element elementor-element-2850e1b elementor-widget elementor-widget-heading\" data-id=\"2850e1b\" data-element_type=\"widget\" data-widget_type=\"heading.default\">\n\t\t\t\t<div class=\"elementor-widget-container\">\n\t\t\t\t\t<h3 class=\"elementor-heading-title elementor-size-default\">DIRITTO DI FAMIGLIA e DIRITTO MINORILE<\/h3>\t\t\t\t<\/div>\n\t\t\t\t<\/div>\n\t\t\t\t<div class=\"elementor-element elementor-element-21dad612 elementor-widget elementor-widget-text-editor\" data-id=\"21dad612\" data-element_type=\"widget\" data-widget_type=\"text-editor.default\">\n\t\t\t\t<div class=\"elementor-widget-container\">\n\t\t\t\t\t\t\t\t\t<p class=\"Textbody\" style=\"margin-bottom: 15.0pt; text-align: justify; text-justify: inter-ideograph; mso-pagination: widow-orphan;\"><span lang=\"IT\" style=\"color: black;\">Nel campo del Diritto di Famiglia, una materia tanto importante quanto complessa, \u00e8 fondamentale adottare un <span class=\"StrongEmphasis\">approccio personalizzato <\/span>per ogni situazione.<\/span><\/p><p class=\"Textbody\" style=\"margin-bottom: 15.0pt; text-align: justify; text-justify: inter-ideograph; mso-pagination: widow-orphan;\"><span lang=\"IT\" style=\"color: black;\">Lo Studio Legale Tramontana ti assiste durante il <b>processo di separazione o divorzio<\/b> (sia consensuale che giudiziale), <b>regolamentazione della famiglia di fatto<\/b>, convivenza more uxorio, <b>contratti convivenza<\/b> eterosessuale e omosessuale, Diritto delle relazioni familiari, affidamento dei figli, assegno alimentare, mediazione familiare, filiazione, adozione nazionale e internazionale, responsabilit\u00e0 genitoriale, tutele e curatela del minore, sottrazioni internazionali dei minori, decadenza responsabilit\u00e0 genitoriale, sospensione responsabilit\u00e0 genitoriale.<\/span><\/p><p class=\"Textbody\" style=\"margin-bottom: 15.0pt; text-align: justify; text-justify: inter-ideograph; mso-pagination: widow-orphan;\"><span lang=\"IT\" style=\"color: black;\">L\u2019attivit\u00e0 comprende le procedure di interdizione, inabilitazione ed amministrazione di sostegno, compresa l\u2019assistenza ai clienti nell\u2019ottemperanza degli incombenti di rendicontazione periodica.<\/span><\/p>\t\t\t\t\t\t\t\t<\/div>\n\t\t\t\t<\/div>\n\t\t\t\t\t<\/div>\n\t\t<\/div>\n\t\t\t\t\t<\/div>\n\t\t<\/section>\n\t\t\t\t<section class=\"elementor-section elementor-inner-section elementor-element elementor-element-74a3443b elementor-section-boxed elementor-section-height-default elementor-section-height-default\" data-id=\"74a3443b\" data-element_type=\"section\">\n\t\t\t\t\t\t<div class=\"elementor-container elementor-column-gap-default\">\n\t\t\t\t\t<div class=\"elementor-column elementor-col-100 elementor-inner-column elementor-element elementor-element-390a32c9\" data-id=\"390a32c9\" data-element_type=\"column\">\n\t\t\t<div class=\"elementor-widget-wrap elementor-element-populated\">\n\t\t\t\t\t\t<div class=\"elementor-element elementor-element-230b81f5 elementor-widget elementor-widget-image\" data-id=\"230b81f5\" data-element_type=\"widget\" data-widget_type=\"image.default\">\n\t\t\t\t<div class=\"elementor-widget-container\">\n\t\t\t\t\t\t\t\t\t\t\t\t\t\t\t<img fetchpriority=\"high\" decoding=\"async\" width=\"300\" height=\"300\" src=\"https:\/\/studiolegaletramontana.com\/wp-content\/uploads\/2023\/03\/thumb-2.jpg\" class=\"attachment-full size-full wp-image-978\" alt=\"\" srcset=\"https:\/\/studiolegaletramontana.com\/wp-content\/uploads\/2023\/03\/thumb-2.jpg 300w, https:\/\/studiolegaletramontana.com\/wp-content\/uploads\/2023\/03\/thumb-2-150x150.jpg 150w\" sizes=\"(max-width: 300px) 100vw, 300px\" \/>\t\t\t\t\t\t\t\t\t\t\t\t\t\t\t<\/div>\n\t\t\t\t<\/div>\n\t\t\t\t<div class=\"elementor-element elementor-element-2a8a2313 elementor-widget elementor-widget-heading\" data-id=\"2a8a2313\" data-element_type=\"widget\" data-widget_type=\"heading.default\">\n\t\t\t\t<div class=\"elementor-widget-container\">\n\t\t\t\t\t<h3 class=\"elementor-heading-title elementor-size-default\">SUCCESSIONI EREDITARIE<\/h3>\t\t\t\t<\/div>\n\t\t\t\t<\/div>\n\t\t\t\t<div class=\"elementor-element elementor-element-47f397bb elementor-widget elementor-widget-text-editor\" data-id=\"47f397bb\" data-element_type=\"widget\" data-widget_type=\"text-editor.default\">\n\t\t\t\t<div class=\"elementor-widget-container\">\n\t\t\t\t\t\t\t\t\t<p class=\"Textbody\" style=\"margin-bottom: .0001pt; text-align: justify; text-justify: inter-ideograph; mso-pagination: widow-orphan;\"><span lang=\"IT\" style=\"color: black;\">Lo Studio Legale Tramontana offre consulenza e assistenza legale per cause ereditarie e di successioni, successione legittima, successione testamentaria, impugnazione del testamento, mediazione e contenzioso ereditario, successioni internazionali, accettazione o rinuncia dell\u2019eredit\u00e0, accettazione con beneficio di inventario.<\/span><\/p>\t\t\t\t\t\t\t\t<\/div>\n\t\t\t\t<\/div>\n\t\t\t\t\t<\/div>\n\t\t<\/div>\n\t\t\t\t\t<\/div>\n\t\t<\/section>\n\t\t\t\t<section class=\"elementor-section elementor-inner-section elementor-element elementor-element-646af5e3 elementor-section-boxed elementor-section-height-default elementor-section-height-default\" data-id=\"646af5e3\" data-element_type=\"section\">\n\t\t\t\t\t\t<div class=\"elementor-container elementor-column-gap-default\">\n\t\t\t\t\t<div class=\"elementor-column elementor-col-100 elementor-inner-column elementor-element elementor-element-2da7a3ea\" data-id=\"2da7a3ea\" data-element_type=\"column\">\n\t\t\t<div class=\"elementor-widget-wrap elementor-element-populated\">\n\t\t\t\t\t\t<div class=\"elementor-element elementor-element-508be931 elementor-widget elementor-widget-image\" data-id=\"508be931\" data-element_type=\"widget\" data-widget_type=\"image.default\">\n\t\t\t\t<div class=\"elementor-widget-container\">\n\t\t\t\t\t\t\t\t\t\t\t\t\t\t\t<img fetchpriority=\"high\" decoding=\"async\" width=\"300\" height=\"300\" src=\"https:\/\/studiolegaletramontana.com\/wp-content\/uploads\/2023\/03\/thumb-2.jpg\" class=\"attachment-full size-full wp-image-978\" alt=\"\" srcset=\"https:\/\/studiolegaletramontana.com\/wp-content\/uploads\/2023\/03\/thumb-2.jpg 300w, https:\/\/studiolegaletramontana.com\/wp-content\/uploads\/2023\/03\/thumb-2-150x150.jpg 150w\" sizes=\"(max-width: 300px) 100vw, 300px\" \/>\t\t\t\t\t\t\t\t\t\t\t\t\t\t\t<\/div>\n\t\t\t\t<\/div>\n\t\t\t\t<div class=\"elementor-element elementor-element-519e4261 elementor-widget elementor-widget-heading\" data-id=\"519e4261\" data-element_type=\"widget\" data-widget_type=\"heading.default\">\n\t\t\t\t<div class=\"elementor-widget-container\">\n\t\t\t\t\t<h3 class=\"elementor-heading-title elementor-size-default\">DIRITTO CIVILE<\/h3>\t\t\t\t<\/div>\n\t\t\t\t<\/div>\n\t\t\t\t<div class=\"elementor-element elementor-element-243adfea elementor-widget elementor-widget-text-editor\" data-id=\"243adfea\" data-element_type=\"widget\" data-widget_type=\"text-editor.default\">\n\t\t\t\t<div class=\"elementor-widget-container\">\n\t\t\t\t\t\t\t\t\t<p><span lang=\"IT\" style=\"color: black;\">Lo Studio Legale Tramontana ha maturato una vasta ed estensiva esperienza nelle tematiche del diritto civile e della responsabilit\u00e0 civile<\/span><span lang=\"IT\"> sia contrattuale che extracontrattuale.<\/span><\/p><p><span lang=\"IT\" style=\"color: black;\">Lo Studio offre attivit\u00e0 di consulenza, assistenza e rappresentanza processuale i tutti i rami del diritto civile: malasanit\u00e0 o malpractice medico-sanitaria, diritto assicurativo e infortunistica, recupero crediti, Condominio, locazioni e sfratti, edilizia e contrattualistica, sovraindebitamento, tutela del Consumatore, ed altro..<\/span><\/p><p><span lang=\"IT\" style=\"color: black;\">Ci occupiamo di seguire tutte le fasi del contenzioso in sede giudiziale e stragiudiziale, svolgendo ove previsto funzioni di mediazione per giungere alla risoluzione pi\u00f9 vantaggiosa nei tempi pi\u00f9 rapidi consentiti dalla Legge.<\/span><\/p>\t\t\t\t\t\t\t\t<\/div>\n\t\t\t\t<\/div>\n\t\t\t\t\t<\/div>\n\t\t<\/div>\n\t\t\t\t\t<\/div>\n\t\t<\/section>\n\t\t\t\t<section class=\"elementor-section elementor-inner-section elementor-element elementor-element-739d5eea elementor-section-boxed elementor-section-height-default elementor-section-height-default\" data-id=\"739d5eea\" data-element_type=\"section\">\n\t\t\t\t\t\t<div class=\"elementor-container elementor-column-gap-default\">\n\t\t\t\t\t<div class=\"elementor-column elementor-col-100 elementor-inner-column elementor-element elementor-element-72dfc040\" data-id=\"72dfc040\" data-element_type=\"column\">\n\t\t\t<div class=\"elementor-widget-wrap elementor-element-populated\">\n\t\t\t\t\t\t<div class=\"elementor-element elementor-element-35b142c5 elementor-widget elementor-widget-image\" data-id=\"35b142c5\" data-element_type=\"widget\" data-widget_type=\"image.default\">\n\t\t\t\t<div class=\"elementor-widget-container\">\n\t\t\t\t\t\t\t\t\t\t\t\t\t\t\t<img fetchpriority=\"high\" decoding=\"async\" width=\"300\" height=\"300\" src=\"https:\/\/studiolegaletramontana.com\/wp-content\/uploads\/2023\/03\/thumb-2.jpg\" class=\"attachment-full size-full wp-image-978\" alt=\"\" srcset=\"https:\/\/studiolegaletramontana.com\/wp-content\/uploads\/2023\/03\/thumb-2.jpg 300w, https:\/\/studiolegaletramontana.com\/wp-content\/uploads\/2023\/03\/thumb-2-150x150.jpg 150w\" sizes=\"(max-width: 300px) 100vw, 300px\" \/>\t\t\t\t\t\t\t\t\t\t\t\t\t\t\t<\/div>\n\t\t\t\t<\/div>\n\t\t\t\t<div class=\"elementor-element elementor-element-64e4ba8a elementor-widget elementor-widget-heading\" data-id=\"64e4ba8a\" data-element_type=\"widget\" data-widget_type=\"heading.default\">\n\t\t\t\t<div class=\"elementor-widget-container\">\n\t\t\t\t\t<h3 class=\"elementor-heading-title elementor-size-default\">DIRITTO MILITARE<\/h3>\t\t\t\t<\/div>\n\t\t\t\t<\/div>\n\t\t\t\t<div class=\"elementor-element elementor-element-2cc19390 elementor-widget elementor-widget-text-editor\" data-id=\"2cc19390\" data-element_type=\"widget\" data-widget_type=\"text-editor.default\">\n\t\t\t\t<div class=\"elementor-widget-container\">\n\t\t\t\t\t\t\t\t\t<p class=\"Textbody\"><span lang=\"IT\" style=\"color: black;\">Lo\u00a0<a href=\"https:\/\/www.studiolegaleparenti.com\/\"><span style=\"color: black;\">Studio Legale <\/span><\/a>Tramontana\u00a0offre\u00a0<b>assistenza legale qualificata al personale militare impiegato nelle organizzazioni delle forze armate<\/b>\u00a0e delle\u00a0<b>forze di polizia<\/b>, per le questioni connesse al servizio.<\/span><\/p><p class=\"Textbody\" style=\"margin-bottom: .0001pt; text-align: justify; text-justify: inter-ideograph; mso-pagination: widow-orphan;\"><span lang=\"IT\" style=\"color: black;\">Nello specifico, si occupa di tutti gli aspetti del rapporto lavorativo delle\u00a0<span class=\"StrongEmphasis\">Forze Armate<\/span>,\u00a0<span class=\"StrongEmphasis\">Polizia di Stato<\/span>\u00a0e\u00a0<span class=\"StrongEmphasis\">Carabinieri.<\/span><\/span><\/p><p class=\"Textbody\" style=\"margin-bottom: .0001pt; text-align: justify; text-justify: inter-ideograph; mso-pagination: widow-orphan;\"><span class=\"StrongEmphasis\"><span lang=\"IT\" style=\"color: black;\">Lo Studio offre altres\u00ec\u00a0<\/span><\/span><span class=\"StrongEmphasis\"><span lang=\"IT\" style=\"color: black;\">consulenza<\/span><span lang=\"IT\" style=\"color: black;\">\u00a0e\u00a0<\/span><\/span><span class=\"StrongEmphasis\"><span lang=\"IT\" style=\"color: black;\">assistenza legale<\/span><span lang=\"IT\" style=\"color: black;\">\u00a0al\u00a0<\/span><\/span><span class=\"StrongEmphasis\"><span lang=\"IT\" style=\"color: black;\">personale militare sottoposto a procedimento disciplinare<\/span><span lang=\"IT\" style=\"color: black;\">\u00a0e nel caso di\u00a0<\/span><\/span><span class=\"StrongEmphasis\"><span lang=\"IT\" style=\"color: black;\">applicazione di sanzioni disciplinari<\/span><span lang=\"IT\" style=\"color: black;\">.<\/span><\/span><\/p><p class=\"Textbody\" style=\"margin-bottom: 15.0pt; text-align: justify; text-justify: inter-ideograph; mso-pagination: widow-orphan;\"><span lang=\"IT\" style=\"color: black;\">Sulla base di apposite convenzioni, inoltre, offre consulenza e assistenza legale a tariffe agevolate a tutto il personale appartenente ai ruoli della Polizia di Stato.<\/span><\/p><p style=\"text-align: justify; text-justify: inter-ideograph;\">\u00a0<\/p><p class=\"Textbody\" style=\"margin-bottom: .0001pt; text-align: justify; text-justify: inter-ideograph; mso-pagination: widow-orphan;\"><span lang=\"IT\">\u00a0<\/span><\/p>\t\t\t\t\t\t\t\t<\/div>\n\t\t\t\t<\/div>\n\t\t\t\t\t<\/div>\n\t\t<\/div>\n\t\t\t\t\t<\/div>\n\t\t<\/section>\n\t\t\t\t\t<\/div>\n\t\t<\/div>\n\t\t\t\t\t<\/div>\n\t\t<\/section>\n\t\t\t\t<\/div>\n\t\t","protected":false},"excerpt":{"rendered":"<p>I nostri ambiti di eccellenza DIRITTO PENALE Lo Studio Tramontana si occupa di patrocinare ogni tipo di processo penale, ancorch\u00e9 nella fase delle indagine, davanti ai Tribunali di tutta Italia, anche dinanzi ai Tribunali per i Minorenni, nonch\u00e9 innanzi alle Corti d\u2019Appello, ed ai Tribunali di Sorveglianza. Lo Studio si occupa di patrocinare il proprio &hellip;<\/p>\n<p class=\"read-more\"> <a class=\"\" href=\"https:\/\/studiolegaletramontana.com\/index.php\/attivita\/\"> <span class=\"screen-reader-text\">Attivita<\/span> Read More &raquo;<\/a><\/p>\n","protected":false},"author":1,"featured_media":0,"parent":0,"menu_order":0,"comment_status":"closed","ping_status":"closed","template":"","meta":{"site-sidebar-layout":"no-sidebar","site-content-layout":"page-builder","ast-global-header-display":"","ast-main-header-display":"","ast-hfb-above-header-display":"","ast-hfb-below-header-display":"","ast-hfb-mobile-header-display":"","site-post-title":"disabled","ast-breadcrumbs-content":"","ast-featured-img":"disabled","footer-sml-layout":"","theme-transparent-header-meta":"","adv-header-id-meta":"","stick-header-meta":"","header-above-stick-meta":"","header-main-stick-meta":"","header-below-stick-meta":"","footnotes":""},"class_list":["post-1088","page","type-page","status-publish","hentry"],"aioseo_notices":[],"_links":{"self":[{"href":"https:\/\/studiolegaletramontana.com\/index.php\/wp-json\/wp\/v2\/pages\/1088","targetHints":{"allow":["GET"]}}],"collection":[{"href":"https:\/\/studiolegaletramontana.com\/index.php\/wp-json\/wp\/v2\/pages"}],"about":[{"href":"https:\/\/studiolegaletramontana.com\/index.php\/wp-json\/wp\/v2\/types\/page"}],"author":[{"embeddable":true,"href":"https:\/\/studiolegaletramontana.com\/index.php\/wp-json\/wp\/v2\/users\/1"}],"replies":[{"embeddable":true,"href":"https:\/\/studiolegaletramontana.com\/index.php\/wp-json\/wp\/v2\/comments?post=1088"}],"version-history":[{"count":3,"href":"https:\/\/studiolegaletramontana.com\/index.php\/wp-json\/wp\/v2\/pages\/1088\/revisions"}],"predecessor-version":[{"id":1091,"href":"https:\/\/studiolegaletramontana.com\/index.php\/wp-json\/wp\/v2\/pages\/1088\/revisions\/1091"}],"wp:attachment":[{"href":"https:\/\/studiolegaletramontana.com\/index.php\/wp-json\/wp\/v2\/media?parent=1088"}],"curies":[{"name":"wp","href":"https:\/\/api.w.org\/{rel}","templated":true}]}}